{"id":13,"date":"2011-04-17T18:10:56","date_gmt":"2011-04-17T18:10:56","guid":{"rendered":"http:\/\/veesuel.fr\/?page_id=13"},"modified":"2020-06-28T19:21:07","modified_gmt":"2020-06-28T17:21:07","slug":"essai-page","status":"publish","type":"page","link":"https:\/\/veesuel.fr\/?page_id=13","title":{"rendered":"Profil"},"content":{"rendered":"\n<p><\/p>\n\n\n<p style=\"text-align: left;\"><strong><a href=\"http:\/\/veesuel.fr\/wp-content\/uploads\/70246415_2451068828471614_8443641554857361408_n.jpg\" rel=\"lightbox[13]\"><img loading=\"lazy\" decoding=\"async\" class=\"alignleft wp-image-4953\" src=\"http:\/\/veesuel.fr\/wp-content\/uploads\/70246415_2451068828471614_8443641554857361408_n.jpg\" alt=\"\" width=\"400\" height=\"600\" srcset=\"https:\/\/veesuel.fr\/wp-content\/uploads\/70246415_2451068828471614_8443641554857361408_n.jpg 596w, https:\/\/veesuel.fr\/wp-content\/uploads\/70246415_2451068828471614_8443641554857361408_n-200x300.jpg 200w\" sizes=\"auto, (max-width: 400px) 100vw, 400px\" \/><\/a>Vee<\/strong>, c&#8217;est mon pseudo dans le monde magique du pixel.<br \/>Vous comprendrez donc le jeu de mot qui a donn\u00e9 le nom <strong>Veesuel.<br \/><\/strong>Mon vrai nom est Val\u00e9rie Ronvel-Blaya<strong>,<\/strong> je vis en France en r\u00e9gion Centre Val de Loire mais je suis originaire du Sud-Ouest et plus pr\u00e9cis\u00e9ment du Lot, ce magnifique pays de pierre et de culture.Je n&#8217;ai pas 20 ans, j&#8217;\u00e9cris un fran\u00e7ais correct.<br \/>Je n&#8217;utilise jamais l&#8217;acronyme lol, je ne fais pas de selfie.<br \/>Mais j&#8217;aime le graphisme, la typographie, faire des trucs avec mes mains et le saucisson. Je ne peux pas cacher mon amour des chats, des couleurs, de l&#8217;humour des Monty Python et des gens cultiv\u00e9s et intelligents qui ne se la p\u00e8tent pas.<\/p>\n<p style=\"text-align: left;\">J&#8217;ai d\u00e9couvert la p\u00e2te polym\u00e8re en 2011, alors que je cherchais une activit\u00e9 manuelle pas trop bruyante pour m&#8217;occuper le soir. Je venais d&#8217;arr\u00eater de fumer et j&#8217;avais vraiment besoin de faire quelque chose<br \/>pour penser le moins possible \u00e0 la cigarette mais aussi parce que j&#8217;\u00e9tais un poil hyperactive (oui, bon, d&#8217;accord, je le suis toujours !)<br \/>Bref, d\u00e8s que j&#8217;ai eu bricol\u00e9 ma premi\u00e8re pi\u00e8ce, que je l&#8217;ai eu cuite et que j&#8217;ai vu le r\u00e9sultat un monde s&#8217;est ouvert devant moi, les id\u00e9es me sont venues par dizaines, la fr\u00e9n\u00e9sie cr\u00e9atrice m&#8217;a saisie, irr\u00e9m\u00e9diablement !<br \/>Comme beaucoup j&#8217;ai achet\u00e9 des livres et lu des tutoriels pour appr\u00e9hender les techniques puis j&#8217;ai commenc\u00e9 \u00e0 cr\u00e9er mes propres canes, mes motifs, mes formes&#8230;<br \/>J&#8217;explore encore les possibilit\u00e9s de ce m\u00e9dium merveilleux et comme j&#8217;aime bien rendre ce que l&#8217;on m&#8217;a donn\u00e9, vous trouverez aussi ici des conseils, tutoriels et articles divers destin\u00e9s \u00e0 aider les d\u00e9butants.<br \/>Depuis quelques ann\u00e9es, outre les bijoux, j&#8217;aime travailler des pi\u00e8ces plus grandes, des sculptures, du wall-art. J&#8217;y trouve plus d&#8217;espace pour m&#8217;exprimer et pour travailler en volume.<\/p>\n<p>Retrouvez- moi sur <a href=\"https:\/\/www.instagram.com\/veesuel_art\/\" target=\"_blank\" rel=\"noopener noreferrer\">Instagram<\/a> et sur <a href=\"https:\/\/www.facebook.com\/profile.php?id=100007055625816\" target=\"_blank\" rel=\"noopener noreferrer\">Facebook<\/a><\/p>\n<p style=\"text-align: center;\"><a href=\"https:\/\/polystudio.shop\/fr\/\"><img loading=\"lazy\" decoding=\"async\" class=\"aligncenter wp-image-4729\" src=\"http:\/\/veesuel.fr\/wp-content\/uploads\/petit_logo_trans_photos_bout-150x150.png\" alt=\"\" width=\"200\" height=\"147\" srcset=\"https:\/\/veesuel.fr\/wp-content\/uploads\/petit_logo_trans_photos_bout-300x220.png 300w, https:\/\/veesuel.fr\/wp-content\/uploads\/petit_logo_trans_photos_bout.png 334w\" sizes=\"auto, (max-width: 200px) 100vw, 200px\" \/><\/a>J&#8217;ai \u00e9galement cr\u00e9\u00e9 la boutique <a href=\"https:\/\/polystudio.shop\/fr\/\">POLYSTUDIO<\/a>, enti\u00e8rement d\u00e9di\u00e9e \u00e0 la p\u00e2te polym\u00e8re. Vous y trouverez toutes les marques de p\u00e2te mais aussi des outils, des couleurs, de l&#8217;inspiration, des nouveaut\u00e9s r\u00e9guli\u00e8res et surtout mon expertise. Je teste et utilise tous les produits que je propose, en recherche permanente d&#8217;id\u00e9es et de nouvelles propositions.<br \/>Pour \u00eatre tenu au courant des nouveaut\u00e9s, des promos, des sorties de tutos<br \/>abonnez-vous \u00e0 la <a href=\"https:\/\/www.facebook.com\/polystudio.shop\" target=\"_blank\" rel=\"noopener noreferrer\">page Facebook de PolyStudio<\/a><\/p>\n<p style=\"text-align: center;\">Bonne visite !<\/p>","protected":false},"excerpt":{"rendered":"<p> [&hellip;]<\/p>\n","protected":false},"author":1,"featured_media":0,"parent":0,"menu_order":0,"comment_status":"closed","ping_status":"open","template":"","meta":{"_s2mail":"yes","footnotes":""},"class_list":["post-13","page","type-page","status-publish","hentry"],"_links":{"self":[{"href":"https:\/\/veesuel.fr\/index.php?rest_route=\/wp\/v2\/pages\/13","targetHints":{"allow":["GET"]}}],"collection":[{"href":"https:\/\/veesuel.fr\/index.php?rest_route=\/wp\/v2\/pages"}],"about":[{"href":"https:\/\/veesuel.fr\/index.php?rest_route=\/wp\/v2\/types\/page"}],"author":[{"embeddable":true,"href":"https:\/\/veesuel.fr\/index.php?rest_route=\/wp\/v2\/users\/1"}],"replies":[{"embeddable":true,"href":"https:\/\/veesuel.fr\/index.php?rest_route=%2Fwp%2Fv2%2Fcomments&post=13"}],"version-history":[{"count":4,"href":"https:\/\/veesuel.fr\/index.php?rest_route=\/wp\/v2\/pages\/13\/revisions"}],"predecessor-version":[{"id":4955,"href":"https:\/\/veesuel.fr\/index.php?rest_route=\/wp\/v2\/pages\/13\/revisions\/4955"}],"wp:attachment":[{"href":"https:\/\/veesuel.fr\/index.php?rest_route=%2Fwp%2Fv2%2Fmedia&parent=13"}],"curies":[{"name":"wp","href":"https:\/\/api.w.org\/{rel}","templated":true}]}}