{"id":3935,"date":"2014-08-16T12:53:57","date_gmt":"2014-08-16T10:53:57","guid":{"rendered":"http:\/\/veesuel.fr\/?page_id=3935"},"modified":"2019-05-11T12:33:11","modified_gmt":"2019-05-11T10:33:11","slug":"mes-tutoriels","status":"publish","type":"page","link":"https:\/\/veesuel.fr\/?page_id=3935","title":{"rendered":"Mes tutoriels"},"content":{"rendered":"\n\n\n<div class=\"wp-block-image\"><figure class=\"aligncenter\"><img loading=\"lazy\" decoding=\"async\" width=\"110\" height=\"111\" src=\"http:\/\/veesuel.fr\/wp-content\/uploads\/trio_bubble_ptt.jpg\" alt=\"\" class=\"wp-image-4776\" srcset=\"https:\/\/veesuel.fr\/wp-content\/uploads\/trio_bubble_ptt.jpg 110w, https:\/\/veesuel.fr\/wp-content\/uploads\/trio_bubble_ptt-100x100.jpg 100w\" sizes=\"auto, (max-width: 110px) 100vw, 110px\" \/><\/figure><\/div>\n\n\n\n<p style=\"text-align:center\"><a href=\"https:\/\/www.youtube.com\/watch?v=-wA_QSZfEJY&quot;><\" target=\"_blank\" rel=\"noreferrer noopener\" aria-label=\" Broche Bubbles (s\u2019ouvre dans un nouvel onglet)\"> Broche Bubbles<\/a><\/p>\n\n\n\n<div class=\"wp-block-image\"><figure class=\"aligncenter\"><img loading=\"lazy\" decoding=\"async\" width=\"110\" height=\"111\" src=\"http:\/\/veesuel.fr\/wp-content\/uploads\/touret.jpg\" alt=\"\" class=\"wp-image-4775\" srcset=\"https:\/\/veesuel.fr\/wp-content\/uploads\/touret.jpg 110w, https:\/\/veesuel.fr\/wp-content\/uploads\/touret-100x100.jpg 100w\" sizes=\"auto, (max-width: 110px) 100vw, 110px\" \/><\/figure><\/div>\n\n\n\n<p style=\"text-align:center\"><a href=\"https:\/\/www.youtube.com\/watch?v=8vVPLounnN0\" target=\"_blank\" rel=\"noreferrer noopener\" aria-label=\" Transformer un touret \u00e0 meuler en touret \u00e0 polir vos pi\u00e8ces en polym\u00e8re (s\u2019ouvre dans un nouvel onglet)\"> Transformer un touret \u00e0 meuler en touret \u00e0 polir vos pi\u00e8ces en polym\u00e8re<\/a><\/p>\n\n\n\n<div class=\"wp-block-image\"><figure class=\"aligncenter\"><img loading=\"lazy\" decoding=\"async\" width=\"110\" height=\"111\" src=\"http:\/\/veesuel.fr\/wp-content\/uploads\/etincelles.jpg\" alt=\"\" class=\"wp-image-4774\" srcset=\"https:\/\/veesuel.fr\/wp-content\/uploads\/etincelles.jpg 110w, https:\/\/veesuel.fr\/wp-content\/uploads\/etincelles-100x100.jpg 100w\" sizes=\"auto, (max-width: 110px) 100vw, 110px\" \/><\/figure><\/div>\n\n\n\n<p style=\"text-align:center\"><a href=\"https:\/\/www.youtube.com\/watch?v=41tRfMS5qYU\" target=\"_blank\" rel=\"noreferrer noopener\" aria-label=\"Perles \u00c9tincelles - Cr\u00e9er des pampilles (s\u2019ouvre dans un nouvel onglet)\">Perles \u00c9tincelles &#8211; Cr\u00e9er des pampilles<\/a><\/p>\n\n\n\n<div class=\"wp-block-image\"><figure class=\"aligncenter\"><img loading=\"lazy\" decoding=\"async\" width=\"110\" height=\"110\" src=\"http:\/\/veesuel.fr\/wp-content\/uploads\/swellegant_slider_V2.jpg\" alt=\"\" class=\"wp-image-4770\" srcset=\"https:\/\/veesuel.fr\/wp-content\/uploads\/swellegant_slider_V2.jpg 110w, https:\/\/veesuel.fr\/wp-content\/uploads\/swellegant_slider_V2-100x100.jpg 100w\" sizes=\"auto, (max-width: 110px) 100vw, 110px\" \/><\/figure><\/div>\n\n\n\n<p style=\"text-align:center\"><a rel=\"noreferrer noopener\" aria-label=\"Utiliser la gamme Swellegant de l'artiste Christi Friesen  (s\u2019ouvre dans un nouvel onglet)\" href=\"https:\/\/www.youtube.com\/watch?v=Q2TLDWwcRkw\" target=\"_blank\">Utiliser la gamme de patines Swellegant de l&#8217;artiste Christi Friesen <\/a><\/p>\n\n\n\n<div class=\"wp-block-image\"><figure class=\"aligncenter\"><img loading=\"lazy\" decoding=\"async\" width=\"110\" height=\"111\" src=\"http:\/\/veesuel.fr\/wp-content\/uploads\/miami2.jpg\" alt=\"\" class=\"wp-image-4772\" srcset=\"https:\/\/veesuel.fr\/wp-content\/uploads\/miami2.jpg 110w, https:\/\/veesuel.fr\/wp-content\/uploads\/miami2-100x100.jpg 100w\" sizes=\"auto, (max-width: 110px) 100vw, 110px\" \/><\/figure><\/div>\n\n\n\n<p style=\"text-align:center\"><a href=\"https:\/\/www.youtube.com\/watch?v=VeuiiIVjcuA\" target=\"_blank\" rel=\"noreferrer noopener\" aria-label=\" Pendentifs Florida  (s\u2019ouvre dans un nouvel onglet)\"> Pendentifs Florida <\/a><\/p>\n\n\n\n<div class=\"wp-block-image\"><figure class=\"aligncenter\"><img loading=\"lazy\" decoding=\"async\" width=\"110\" height=\"110\" src=\"http:\/\/veesuel.fr\/wp-content\/uploads\/vortex_tuto_thumb.jpg\" alt=\"\" class=\"wp-image-3936\" srcset=\"https:\/\/veesuel.fr\/wp-content\/uploads\/vortex_tuto_thumb.jpg 110w, https:\/\/veesuel.fr\/wp-content\/uploads\/vortex_tuto_thumb-50x50.jpg 50w\" sizes=\"auto, (max-width: 110px) 100vw, 110px\" \/><\/figure><\/div>\n\n\n\n<p style=\"text-align:center\"><a href=\"http:\/\/veesuel.fr\/?p=2663\" target=\"_blank\" rel=\"noreferrer noopener\" aria-label=\" Effet Vortex   (s\u2019ouvre dans un nouvel onglet)\"> Effet Vortex  <\/a><\/p>\n\n\n\n<div class=\"wp-block-image\"><figure class=\"aligncenter\"><img loading=\"lazy\" decoding=\"async\" width=\"110\" height=\"110\" src=\"http:\/\/veesuel.fr\/wp-content\/uploads\/tuto_habillage_thumb.jpg\" alt=\"\" class=\"wp-image-3939\" srcset=\"https:\/\/veesuel.fr\/wp-content\/uploads\/tuto_habillage_thumb.jpg 110w, https:\/\/veesuel.fr\/wp-content\/uploads\/tuto_habillage_thumb-50x50.jpg 50w\" sizes=\"auto, (max-width: 110px) 100vw, 110px\" \/><\/figure><\/div>\n\n\n\n<p style=\"text-align:center\"><a href=\"http:\/\/veesuel.fr\/?p=2311\" target=\"_blank\" rel=\"noreferrer noopener\" aria-label=\"Habillage de perles rondes   (s\u2019ouvre dans un nouvel onglet)\">Habillage de perles rondes  <\/a><\/p>\n\n\n\n<div class=\"wp-block-image\"><figure class=\"aligncenter\"><img loading=\"lazy\" decoding=\"async\" width=\"110\" height=\"110\" src=\"http:\/\/veesuel.fr\/wp-content\/uploads\/donut_bombe_tuto_thumb.jpg\" alt=\"\" class=\"wp-image-3947\" srcset=\"https:\/\/veesuel.fr\/wp-content\/uploads\/donut_bombe_tuto_thumb.jpg 110w, https:\/\/veesuel.fr\/wp-content\/uploads\/donut_bombe_tuto_thumb-50x50.jpg 50w\" sizes=\"auto, (max-width: 110px) 100vw, 110px\" \/><\/figure><\/div>\n\n\n\n<p style=\"text-align:center\"><a href=\"http:\/\/veesuel.fr\/?p=1766\" target=\"_blank\" rel=\"noreferrer noopener\" aria-label=\" Donut bomb\u00e9  (s\u2019ouvre dans un nouvel onglet)\"> Donut bomb\u00e9 <\/a><\/p>\n\n\n\n<div class=\"wp-block-image\"><figure class=\"aligncenter\"><img loading=\"lazy\" decoding=\"async\" width=\"110\" height=\"110\" src=\"http:\/\/veesuel.fr\/wp-content\/uploads\/vichy_thumb.jpg\" alt=\"\" class=\"wp-image-3957\" srcset=\"https:\/\/veesuel.fr\/wp-content\/uploads\/vichy_thumb.jpg 110w, https:\/\/veesuel.fr\/wp-content\/uploads\/vichy_thumb-50x50.jpg 50w\" sizes=\"auto, (max-width: 110px) 100vw, 110px\" \/><\/figure><\/div>\n\n\n\n<p style=\"text-align:center\"><a href=\"http:\/\/veesuel.fr\/?p=1080\" target=\"_blank\" rel=\"noreferrer noopener\" aria-label=\"Canne Vichy (s\u2019ouvre dans un nouvel onglet)\">Canne Vichy<\/a><\/p>\n\n\n\n<div class=\"wp-block-image\"><figure class=\"aligncenter\"><img loading=\"lazy\" decoding=\"async\" width=\"110\" height=\"110\" src=\"http:\/\/veesuel.fr\/wp-content\/uploads\/tuto_canne_retro_thumb.jpg\" alt=\"\" class=\"wp-image-3950\" srcset=\"https:\/\/veesuel.fr\/wp-content\/uploads\/tuto_canne_retro_thumb.jpg 110w, https:\/\/veesuel.fr\/wp-content\/uploads\/tuto_canne_retro_thumb-50x50.jpg 50w\" sizes=\"auto, (max-width: 110px) 100vw, 110px\" \/><\/figure><\/div>\n\n\n\n<p style=\"text-align:center\"><a href=\"http:\/\/veesuel.fr\/?p=1400\" target=\"_blank\" rel=\"noreferrer noopener\" aria-label=\" Canne R\u00e9tro au clay-gun   (s\u2019ouvre dans un nouvel onglet)\"> Canne R\u00e9tro au clay-gun  <\/a><\/p>\n\n\n\n<div class=\"wp-block-image\"><figure class=\"aligncenter\"><img loading=\"lazy\" decoding=\"async\" width=\"110\" height=\"110\" src=\"http:\/\/veesuel.fr\/wp-content\/uploads\/union-jack-thumb.jpg\" alt=\"\" class=\"wp-image-3952\" srcset=\"https:\/\/veesuel.fr\/wp-content\/uploads\/union-jack-thumb.jpg 110w, https:\/\/veesuel.fr\/wp-content\/uploads\/union-jack-thumb-50x50.jpg 50w\" sizes=\"auto, (max-width: 110px) 100vw, 110px\" \/><\/figure><\/div>\n\n\n\n<p style=\"text-align:center\"><a href=\"http:\/\/veesuel.fr\/?p=1224\" target=\"_blank\" rel=\"noreferrer noopener\" aria-label=\" Canne Union Jack   (s\u2019ouvre dans un nouvel onglet)\"> Canne Union Jack  <\/a><\/p>\n\n\n\n<div class=\"wp-block-image\"><figure class=\"aligncenter\"><img loading=\"lazy\" decoding=\"async\" width=\"110\" height=\"107\" src=\"http:\/\/veesuel.fr\/wp-content\/uploads\/demontage_map.jpg\" alt=\"\" class=\"wp-image-3958\" srcset=\"https:\/\/veesuel.fr\/wp-content\/uploads\/demontage_map.jpg 110w, https:\/\/veesuel.fr\/wp-content\/uploads\/demontage_map-50x50.jpg 50w\" sizes=\"auto, (max-width: 110px) 100vw, 110px\" \/><\/figure><\/div>\n\n\n<p style=\"text-align: center;\"><a href=\"http:\/\/veesuel.fr\/?p=547\">D\u00e9montage et remontage de la machine \u00e0 p\u00e2te Imperia<\/a><\/p>\n\n\n<p><\/p>\n","protected":false},"excerpt":{"rendered":"<p> [&hellip;]<\/p>\n","protected":false},"author":1,"featured_media":0,"parent":0,"menu_order":0,"comment_status":"closed","ping_status":"open","template":"","meta":{"_s2mail":"yes","footnotes":""},"class_list":["post-3935","page","type-page","status-publish","hentry"],"_links":{"self":[{"href":"https:\/\/veesuel.fr\/index.php?rest_route=\/wp\/v2\/pages\/3935","targetHints":{"allow":["GET"]}}],"collection":[{"href":"https:\/\/veesuel.fr\/index.php?rest_route=\/wp\/v2\/pages"}],"about":[{"href":"https:\/\/veesuel.fr\/index.php?rest_route=\/wp\/v2\/types\/page"}],"author":[{"embeddable":true,"href":"https:\/\/veesuel.fr\/index.php?rest_route=\/wp\/v2\/users\/1"}],"replies":[{"embeddable":true,"href":"https:\/\/veesuel.fr\/index.php?rest_route=%2Fwp%2Fv2%2Fcomments&post=3935"}],"version-history":[{"count":4,"href":"https:\/\/veesuel.fr\/index.php?rest_route=\/wp\/v2\/pages\/3935\/revisions"}],"predecessor-version":[{"id":4785,"href":"https:\/\/veesuel.fr\/index.php?rest_route=\/wp\/v2\/pages\/3935\/revisions\/4785"}],"wp:attachment":[{"href":"https:\/\/veesuel.fr\/index.php?rest_route=%2Fwp%2Fv2%2Fmedia&parent=3935"}],"curies":[{"name":"wp","href":"https:\/\/api.w.org\/{rel}","templated":true}]}}